{"id":3,"date":"2023-08-16T15:42:43","date_gmt":"2023-08-16T15:42:43","guid":{"rendered":"http:\/\/srbuho.com\/?page_id=3"},"modified":"2023-12-15T05:37:16","modified_gmt":"2023-12-15T05:37:16","slug":"privacy-policy","status":"publish","type":"page","link":"https:\/\/srbuho.com\/?page_id=3","title":{"rendered":"POL\u00cdTICA DE TRATAMIENTO DE DATOS PERSONALES"},"content":{"rendered":"\n<h2 class=\"wp-block-heading\"><\/h2>\n\n\n\n<p>La marca \u00a0<strong>SRBUHO.COM,<\/strong>\u00a0est\u00e1 comprometida con tu privacidad y con el adecuado manejo de tu informaci\u00f3n personal, raz\u00f3n por la cual te invitamos a leer la siguiente informaci\u00f3n y confirmar su recepci\u00f3n a trav\u00e9s de cualquier medio de comunicaci\u00f3n posible.<\/p>\n\n\n\n<p>Un dato personal es cualquier tipo de informaci\u00f3n que permita identificar a una persona natural y\/o jur\u00eddica p\u00fablica o privada. Tratamiento del dato personal es la realizaci\u00f3n de cualquier tipo de operaci\u00f3n con el dato personal, tales como la recolecci\u00f3n, almacenamiento, uso, circulaci\u00f3n, transmisi\u00f3n o supresi\u00f3n del mismo.<\/p>\n\n\n\n<p>Mediante la Ley 1581 del 17 de octubre de 2012, el Congreso Nacional dicta Disposiciones Generales para la Protecci\u00f3n de Datos Personales, incluyendo el r\u00e9gimen de derechos de los titulares de la informaci\u00f3n y las obligaciones de los responsables y encargados de su tratamiento, constituyendo as\u00ed el marco general de la Protecci\u00f3n de Datos Personales en Colombia. Igualmente, el pasado 27 de junio de 2013 el Gobierno Nacional expidi\u00f3 el Decreto 1377 de 2013, mediante el cual se reglamenta la Ley antes mencionada, con el fin de facilitar su implementaci\u00f3n en aspectos relacionados con la autorizaci\u00f3n del Titular de la informaci\u00f3n, las Pol\u00edticas de Tratamiento de los Responsables y Encargados, el ejercicio de los derechos de los titulares de la informaci\u00f3n, las Transferencias de Datos Personales y la Responsabilidad Demostrada frente al Tratamiento de Datos Personales.<\/p>\n\n\n\n<p><strong><strong>SRBUHO.COM<\/strong><\/strong>\u00a0requiere ciertos datos personales a los cuales da tratamiento para el normal desarrollo de su actividad, y en el marco de la relaci\u00f3n que la vincula con los clientes, trabajadores y proveedores, solicitar\u00e1 s\u00f3lo los datos que en efecto necesite para ello, los cuales comprenden, entre otros, tus datos de identificaci\u00f3n y contacto; los datos relacionados con tu actividad econ\u00f3mica y con tu informaci\u00f3n comercial y\/o financiera. Para tal efecto la empresa\u00a0<strong><strong>SRBUHO.COM<\/strong><\/strong>\u00a0ha adoptado adecuadas medidas de seguridad con el fin de velar por el tratamiento adecuado y confidencial de tus datos personales.<\/p>\n\n\n\n<p><strong><strong>SRBUHO.COM<\/strong><\/strong>\u00a0obtiene tus datos personales porque tu mismo los ha suministrado, porque los ha obtenido de un tercero autorizado por ti o por la ley, para suministrarlos, o porque son datos p\u00fablicos; es decir, datos para cuyo tratamiento no se requiere de su autorizaci\u00f3n previa.<\/p>\n\n\n\n<p><strong>SRBUHO.COM<\/strong>\u00a0requiere tratar tus datos personales con el fin de atender adecuadamente la relaci\u00f3n establecida contigo, y para llevar a cabo las actividades previstas en la autorizaci\u00f3n que la empresa te solicita para efectos de realizar dicho tratamiento. En el evento en que nuestra empresa requiera tratar tus datos personales para una finalidad distinta a la consignada en la autorizaci\u00f3n, te solicitar\u00e1 una nueva.<\/p>\n\n\n\n<p>DERECHOS DEL TITULAR DEL DATO PERSONAL: \u00a0Tu tienes los siguientes derechos:<\/p>\n\n\n\n<ol>\n<li>Conocer, actualizar y rectificar los datos frente a&nbsp;<strong><strong>SRBUHO.COM<\/strong><\/strong>&nbsp;o Encargados del Tratamiento de datos. Este derecho se podr\u00e1 ejercer, entre otros frente a datos parciales, inexactos, incompletos, fraccionados, que induzcan a error, o aquellos cuyo tratamiento est\u00e9 expresamente prohibido o no haya sido autorizado.<\/li>\n\n\n\n<li>Revocar la autorizaci\u00f3n y\/o solicitar la supresi\u00f3n del dato cuando en el Tratamiento no se respeten los principios, derechos y garant\u00edas constitucionales y legales. La revocatoria proceder\u00e1 siempre y cuando no exista la obligaci\u00f3n legal o contractual de conservar el dato personal.<\/li>\n\n\n\n<li>En cualquier momento y sin costo alguno, podr\u00e1s solicitar que se eliminen los datos que considere necesario, para lo cual deber\u00e1s identificarte en debida forma y se\u00f1alar cu\u00e1l es la informaci\u00f3n a eliminar, lo cual comprende la entrega de la documentaci\u00f3n soporte que se requiera para tal efecto.<\/li>\n\n\n\n<li>Ser informado por\u00a0<strong><strong>SRBUHO.COM<\/strong><\/strong>\u00a0previa solicitud, respecto del uso que le ha dado a tus datos.<\/li>\n\n\n\n<li>Presentar ante la Autoridad Competente quejas por infracciones a lo dispuesto en la ley y las dem\u00e1s normas que la modifiquen, adicionen o complementen.<\/li>\n\n\n\n<li>Puede solicitar que se eliminen sus datos al correo:\u00a0<strong>srbuho.info@gmail.com<\/strong><\/li>\n<\/ol>\n\n\n\n<p>Para mayor ampliaci\u00f3n de los conceptos y\/o definiciones de la presente pol\u00edtica, favor rem\u00edtirse a:<\/p>\n\n\n\n<p><\/p>\n\n\n\n<ul>\n<li>Ley 1581 de 2012 \u201cProtecci\u00f3n de Datos Personales\u201d<\/li>\n\n\n\n<li>Ley 1266 de 2008 \u201cHabeas Data<\/li>\n<\/ul>\n\n\n\n<p><\/p>\n","protected":false},"excerpt":{"rendered":"<p>La marca \u00a0SRBUHO.COM,\u00a0est\u00e1 comprometida con tu privacidad y con el adecuado manejo de tu informaci\u00f3n personal, raz\u00f3n por la cual<\/p>\n","protected":false},"author":1,"featured_media":0,"parent":0,"menu_order":0,"comment_status":"closed","ping_status":"open","template":"elementor_header_footer","meta":{"footnotes":""},"_links":{"self":[{"href":"https:\/\/srbuho.com\/index.php?rest_route=\/wp\/v2\/pages\/3"}],"collection":[{"href":"https:\/\/srbuho.com\/index.php?rest_route=\/wp\/v2\/pages"}],"about":[{"href":"https:\/\/srbuho.com\/index.php?rest_route=\/wp\/v2\/types\/page"}],"author":[{"embeddable":true,"href":"https:\/\/srbuho.com\/index.php?rest_route=\/wp\/v2\/users\/1"}],"replies":[{"embeddable":true,"href":"https:\/\/srbuho.com\/index.php?rest_route=%2Fwp%2Fv2%2Fcomments&post=3"}],"version-history":[{"count":6,"href":"https:\/\/srbuho.com\/index.php?rest_route=\/wp\/v2\/pages\/3\/revisions"}],"predecessor-version":[{"id":16308,"href":"https:\/\/srbuho.com\/index.php?rest_route=\/wp\/v2\/pages\/3\/revisions\/16308"}],"wp:attachment":[{"href":"https:\/\/srbuho.com\/index.php?rest_route=%2Fwp%2Fv2%2Fmedia&parent=3"}],"curies":[{"name":"wp","href":"https:\/\/api.w.org\/{rel}","templated":true}]}}