{"id":16090,"date":"2023-11-26T01:02:25","date_gmt":"2023-11-26T01:02:25","guid":{"rendered":"https:\/\/srbuho.com\/?post_type=product&#038;p=16090"},"modified":"2026-04-14T19:36:31","modified_gmt":"2026-04-14T19:36:31","slug":"afro-bici","status":"publish","type":"product","link":"https:\/\/srbuho.com\/?product=afro-bici","title":{"rendered":"Afro Bici"},"content":{"rendered":"<p><span data-sheets-root=\"1\" data-sheets-value=\"{&quot;1&quot;:2,&quot;2&quot;:&quot;Libreta tapa dura. Plastificado mate. Argollada. Papel Bond 115 gr. 60 hojas . Ret\u00edcula de puntos en el tiro, blanco liso en el retiro de la hoja. Impresi\u00f3n digital. Puedes trabajar con l\u00e1pices de color, grafito, esf\u00e9ros, rapid\u00f3grafos o marcadores.&quot;}\" data-sheets-userformat=\"{&quot;2&quot;:12673,&quot;3&quot;:{&quot;1&quot;:0,&quot;3&quot;:1},&quot;10&quot;:2,&quot;11&quot;:0,&quot;15&quot;:&quot;Arial&quot;,&quot;16&quot;:10}\">Libreta tapa dura. Plastificado mate. Argollada. Papel Bond 115 gr. 60 hojas . Ret\u00edcula de puntos en el tiro, blanco liso en el retiro de la hoja. Impresi\u00f3n digital. Puedes trabajar con l\u00e1pices de color, grafito, esf\u00e9ros, rapid\u00f3grafos o marcadores.<\/span><\/p>\n","protected":false},"excerpt":{"rendered":"<p><span data-sheets-root=\"1\" data-sheets-value=\"{&quot;1&quot;:2,&quot;2&quot;:&quot;Libreta tapa dura. Plastificado mate. Argollada. Papel Bond 115 gr. 60 hojas . Ret\u00edcula de puntos en el tiro, blanco liso en el retiro de la hoja. Impresi\u00f3n digital. Puedes trabajar con l\u00e1pices de color, grafito, esf\u00e9ros, rapid\u00f3grafos o marcadores.&quot;}\" data-sheets-userformat=\"{&quot;2&quot;:12673,&quot;3&quot;:{&quot;1&quot;:0,&quot;3&quot;:1},&quot;10&quot;:2,&quot;11&quot;:0,&quot;15&quot;:&quot;Arial&quot;,&quot;16&quot;:10}\">Libreta tapa dura. Plastificado mate. Argollada. Papel Bond 115 gr. 60 hojas .<\/span><\/p>\n","protected":false},"featured_media":16040,"comment_status":"open","ping_status":"closed","template":"","meta":[],"product_cat":[73],"product_tag":[],"_links":{"self":[{"href":"https:\/\/srbuho.com\/index.php?rest_route=\/wp\/v2\/product\/16090"}],"collection":[{"href":"https:\/\/srbuho.com\/index.php?rest_route=\/wp\/v2\/product"}],"about":[{"href":"https:\/\/srbuho.com\/index.php?rest_route=\/wp\/v2\/types\/product"}],"replies":[{"embeddable":true,"href":"https:\/\/srbuho.com\/index.php?rest_route=%2Fwp%2Fv2%2Fcomments&post=16090"}],"version-history":[{"count":1,"href":"https:\/\/srbuho.com\/index.php?rest_route=\/wp\/v2\/product\/16090\/revisions"}],"predecessor-version":[{"id":16091,"href":"https:\/\/srbuho.com\/index.php?rest_route=\/wp\/v2\/product\/16090\/revisions\/16091"}],"wp:featuredmedia":[{"embeddable":true,"href":"https:\/\/srbuho.com\/index.php?rest_route=\/wp\/v2\/media\/16040"}],"wp:attachment":[{"href":"https:\/\/srbuho.com\/index.php?rest_route=%2Fwp%2Fv2%2Fmedia&parent=16090"}],"wp:term":[{"taxonomy":"product_cat","embeddable":true,"href":"https:\/\/srbuho.com\/index.php?rest_route=%2Fwp%2Fv2%2Fproduct_cat&post=16090"},{"taxonomy":"product_tag","embeddable":true,"href":"https:\/\/srbuho.com\/index.php?rest_route=%2Fwp%2Fv2%2Fproduct_tag&post=16090"}],"curies":[{"name":"wp","href":"https:\/\/api.w.org\/{rel}","templated":true}]}}