{"id":16099,"date":"2023-11-26T01:12:31","date_gmt":"2023-11-26T01:12:31","guid":{"rendered":"https:\/\/srbuho.com\/?post_type=product&#038;p=16099"},"modified":"2023-11-26T15:00:43","modified_gmt":"2023-11-26T15:00:43","slug":"osita","status":"publish","type":"product","link":"https:\/\/srbuho.com\/?product=osita","title":{"rendered":"Osita"},"content":{"rendered":"<p><span data-sheets-root=\"1\" data-sheets-value=\"{&quot;1&quot;:2,&quot;2&quot;:&quot;Juguetes articulados de papel ecol\u00f3gico para recortar y armar. Impresi\u00f3n digital. Sigue las instrucciones y divi\u00e9rte.&quot;}\" data-sheets-userformat=\"{&quot;2&quot;:12673,&quot;3&quot;:{&quot;1&quot;:0,&quot;3&quot;:1},&quot;10&quot;:2,&quot;11&quot;:0,&quot;15&quot;:&quot;Arial&quot;,&quot;16&quot;:10}\">Juguetes articulados de papel ecol\u00f3gico para recortar y armar. Impresi\u00f3n digital. Sigue las instrucciones y divi\u00e9rte.<\/span><\/p>\n","protected":false},"excerpt":{"rendered":"<p><span data-sheets-root=\"1\" data-sheets-value=\"{&quot;1&quot;:2,&quot;2&quot;:&quot;Juguetes articulados de papel ecol\u00f3gico para recortar y armar. Impresi\u00f3n digital. Sigue las instrucciones y divi\u00e9rte.&quot;}\" data-sheets-userformat=\"{&quot;2&quot;:12673,&quot;3&quot;:{&quot;1&quot;:0,&quot;3&quot;:1},&quot;10&quot;:2,&quot;11&quot;:0,&quot;15&quot;:&quot;Arial&quot;,&quot;16&quot;:10}\">Juguetes articulados de papel ecol\u00f3gico para recortar y armar.<\/span><\/p>\n","protected":false},"featured_media":16059,"comment_status":"open","ping_status":"closed","template":"","meta":[],"product_cat":[86],"product_tag":[],"_links":{"self":[{"href":"https:\/\/srbuho.com\/index.php?rest_route=\/wp\/v2\/product\/16099"}],"collection":[{"href":"https:\/\/srbuho.com\/index.php?rest_route=\/wp\/v2\/product"}],"about":[{"href":"https:\/\/srbuho.com\/index.php?rest_route=\/wp\/v2\/types\/product"}],"replies":[{"embeddable":true,"href":"https:\/\/srbuho.com\/index.php?rest_route=%2Fwp%2Fv2%2Fcomments&post=16099"}],"version-history":[{"count":1,"href":"https:\/\/srbuho.com\/index.php?rest_route=\/wp\/v2\/product\/16099\/revisions"}],"predecessor-version":[{"id":16100,"href":"https:\/\/srbuho.com\/index.php?rest_route=\/wp\/v2\/product\/16099\/revisions\/16100"}],"wp:featuredmedia":[{"embeddable":true,"href":"https:\/\/srbuho.com\/index.php?rest_route=\/wp\/v2\/media\/16059"}],"wp:attachment":[{"href":"https:\/\/srbuho.com\/index.php?rest_route=%2Fwp%2Fv2%2Fmedia&parent=16099"}],"wp:term":[{"taxonomy":"product_cat","embeddable":true,"href":"https:\/\/srbuho.com\/index.php?rest_route=%2Fwp%2Fv2%2Fproduct_cat&post=16099"},{"taxonomy":"product_tag","embeddable":true,"href":"https:\/\/srbuho.com\/index.php?rest_route=%2Fwp%2Fv2%2Fproduct_tag&post=16099"}],"curies":[{"name":"wp","href":"https:\/\/api.w.org\/{rel}","templated":true}]}}