{"id":16193,"date":"2023-11-26T15:19:18","date_gmt":"2023-11-26T15:19:18","guid":{"rendered":"https:\/\/srbuho.com\/?post_type=product&#038;p=16193"},"modified":"2026-04-03T17:58:34","modified_gmt":"2026-04-03T17:58:34","slug":"abeja","status":"publish","type":"product","link":"https:\/\/srbuho.com\/?product=abeja","title":{"rendered":"Abeja"},"content":{"rendered":"<p><span data-sheets-root=\"1\" data-sheets-value=\"{&quot;1&quot;:2,&quot;2&quot;:&quot;Bit\u00e1cora tapa dura. Plastificado mate. Costura Francesa manual. Cierre de caucho. Papel acuarela 240 gr. + Papel Durex 250 gr. 40 hojas. Impresi\u00f3n Digital. Puedes trabajar con l\u00e1pices de color, grafito, esf\u00e9ros o rapid\u00f3grafos,acuarelas, tintas, acr\u00edlicos , gouache, ecolines.&quot;}\" data-sheets-userformat=\"{&quot;2&quot;:13185,&quot;3&quot;:{&quot;1&quot;:0},&quot;10&quot;:2,&quot;11&quot;:0,&quot;12&quot;:0,&quot;15&quot;:&quot;Arial&quot;,&quot;16&quot;:10}\">Bit\u00e1cora tapa dura. Plastificado mate. Costura Francesa manual. Cierre de caucho. Papel acuarela 240 gr. + Papel Durex 250 gr. 40 hojas. Impresi\u00f3n Digital. Puedes trabajar con l\u00e1pices de color, grafito, esf\u00e9ros o rapid\u00f3grafos,acuarelas, tintas, acr\u00edlicos , gouache, ecolines.<\/span><\/p>\n","protected":false},"excerpt":{"rendered":"<p><span data-sheets-root=\"1\" data-sheets-value=\"{&quot;1&quot;:2,&quot;2&quot;:&quot;Bit\u00e1cora tapa dura. Plastificado mate. Costura Francesa manual. Cierre de caucho. Papel acuarela 240 gr. + Papel Durex 250 gr. 40 hojas. Impresi\u00f3n Digital. Puedes trabajar con l\u00e1pices de color, grafito, esf\u00e9ros o rapid\u00f3grafos,acuarelas, tintas, acr\u00edlicos , gouache, ecolines.&quot;}\" data-sheets-userformat=\"{&quot;2&quot;:13185,&quot;3&quot;:{&quot;1&quot;:0},&quot;10&quot;:2,&quot;11&quot;:0,&quot;12&quot;:0,&quot;15&quot;:&quot;Arial&quot;,&quot;16&quot;:10}\">Bit\u00e1cora tapa dura. Plastificado mate. Costura Francesa manual. Cierre de caucho. Papel acuarela 240 gr. + Papel Durex 250 gr. 40 hojas.<\/span><\/p>\n","protected":false},"featured_media":16139,"comment_status":"open","ping_status":"closed","template":"","meta":[],"product_cat":[97],"product_tag":[],"_links":{"self":[{"href":"https:\/\/srbuho.com\/index.php?rest_route=\/wp\/v2\/product\/16193"}],"collection":[{"href":"https:\/\/srbuho.com\/index.php?rest_route=\/wp\/v2\/product"}],"about":[{"href":"https:\/\/srbuho.com\/index.php?rest_route=\/wp\/v2\/types\/product"}],"replies":[{"embeddable":true,"href":"https:\/\/srbuho.com\/index.php?rest_route=%2Fwp%2Fv2%2Fcomments&post=16193"}],"version-history":[{"count":3,"href":"https:\/\/srbuho.com\/index.php?rest_route=\/wp\/v2\/product\/16193\/revisions"}],"predecessor-version":[{"id":16301,"href":"https:\/\/srbuho.com\/index.php?rest_route=\/wp\/v2\/product\/16193\/revisions\/16301"}],"wp:featuredmedia":[{"embeddable":true,"href":"https:\/\/srbuho.com\/index.php?rest_route=\/wp\/v2\/media\/16139"}],"wp:attachment":[{"href":"https:\/\/srbuho.com\/index.php?rest_route=%2Fwp%2Fv2%2Fmedia&parent=16193"}],"wp:term":[{"taxonomy":"product_cat","embeddable":true,"href":"https:\/\/srbuho.com\/index.php?rest_route=%2Fwp%2Fv2%2Fproduct_cat&post=16193"},{"taxonomy":"product_tag","embeddable":true,"href":"https:\/\/srbuho.com\/index.php?rest_route=%2Fwp%2Fv2%2Fproduct_tag&post=16193"}],"curies":[{"name":"wp","href":"https:\/\/api.w.org\/{rel}","templated":true}]}}