{"id":16199,"date":"2023-11-26T15:26:31","date_gmt":"2023-11-26T15:26:31","guid":{"rendered":"https:\/\/srbuho.com\/?post_type=product&#038;p=16199"},"modified":"2026-04-03T17:55:35","modified_gmt":"2026-04-03T17:55:35","slug":"gorrion","status":"publish","type":"product","link":"https:\/\/srbuho.com\/?product=gorrion","title":{"rendered":"Gorri\u00f3n"},"content":{"rendered":"<p><span data-sheets-root=\"1\" data-sheets-value=\"{&quot;1&quot;:2,&quot;2&quot;:&quot;Bit\u00e1cora tapa dura. Plastificado mate. Costura Francesa manual. Cierre de caucho. Papel Sketch Cream 90gr. + Opalina 115 gr. 80 hojas. Impresi\u00f3n Digital. Puedes trabajar con l\u00e1pices de color, grafito, esf\u00e9ros o rapid\u00f3grafos&quot;}\" data-sheets-userformat=\"{&quot;2&quot;:13185,&quot;3&quot;:{&quot;1&quot;:0},&quot;10&quot;:2,&quot;11&quot;:0,&quot;12&quot;:0,&quot;15&quot;:&quot;Arial&quot;,&quot;16&quot;:10}\">Bit\u00e1cora tapa dura. Plastificado mate. Costura Francesa manual. Cierre de caucho. Papel Sketch Cream 90gr. + Opalina 115 gr. 80 hojas. Impresi\u00f3n Digital. Puedes trabajar con l\u00e1pices de color, grafito, esf\u00e9ros o rapid\u00f3grafos<\/span><\/p>\n","protected":false},"excerpt":{"rendered":"<p><span data-sheets-root=\"1\" data-sheets-value=\"{&quot;1&quot;:2,&quot;2&quot;:&quot;Bit\u00e1cora tapa dura. Plastificado mate. Costura Francesa manual. Cierre de caucho. Papel Sketch Cream 90gr. + Opalina 115 gr. 80 hojas. Impresi\u00f3n Digital. Puedes trabajar con l\u00e1pices de color, grafito, esf\u00e9ros o rapid\u00f3grafos&quot;}\" data-sheets-userformat=\"{&quot;2&quot;:13185,&quot;3&quot;:{&quot;1&quot;:0},&quot;10&quot;:2,&quot;11&quot;:0,&quot;12&quot;:0,&quot;15&quot;:&quot;Arial&quot;,&quot;16&quot;:10}\">Bit\u00e1cora tapa dura. Plastificado mate. Costura Francesa manual. Cierre de caucho. Papel Sketch Cream 90gr. + Opalina 115 gr. 80 hojas.<\/span><\/p>\n","protected":false},"featured_media":16153,"comment_status":"open","ping_status":"closed","template":"","meta":[],"product_cat":[98],"product_tag":[],"_links":{"self":[{"href":"https:\/\/srbuho.com\/index.php?rest_route=\/wp\/v2\/product\/16199"}],"collection":[{"href":"https:\/\/srbuho.com\/index.php?rest_route=\/wp\/v2\/product"}],"about":[{"href":"https:\/\/srbuho.com\/index.php?rest_route=\/wp\/v2\/types\/product"}],"replies":[{"embeddable":true,"href":"https:\/\/srbuho.com\/index.php?rest_route=%2Fwp%2Fv2%2Fcomments&post=16199"}],"version-history":[{"count":2,"href":"https:\/\/srbuho.com\/index.php?rest_route=\/wp\/v2\/product\/16199\/revisions"}],"predecessor-version":[{"id":16219,"href":"https:\/\/srbuho.com\/index.php?rest_route=\/wp\/v2\/product\/16199\/revisions\/16219"}],"wp:featuredmedia":[{"embeddable":true,"href":"https:\/\/srbuho.com\/index.php?rest_route=\/wp\/v2\/media\/16153"}],"wp:attachment":[{"href":"https:\/\/srbuho.com\/index.php?rest_route=%2Fwp%2Fv2%2Fmedia&parent=16199"}],"wp:term":[{"taxonomy":"product_cat","embeddable":true,"href":"https:\/\/srbuho.com\/index.php?rest_route=%2Fwp%2Fv2%2Fproduct_cat&post=16199"},{"taxonomy":"product_tag","embeddable":true,"href":"https:\/\/srbuho.com\/index.php?rest_route=%2Fwp%2Fv2%2Fproduct_tag&post=16199"}],"curies":[{"name":"wp","href":"https:\/\/api.w.org\/{rel}","templated":true}]}}