{"id":16203,"date":"2023-11-26T15:29:28","date_gmt":"2023-11-26T15:29:28","guid":{"rendered":"https:\/\/srbuho.com\/?post_type=product&#038;p=16203"},"modified":"2023-12-06T03:59:31","modified_gmt":"2023-12-06T03:59:31","slug":"ave-azul","status":"publish","type":"product","link":"https:\/\/srbuho.com\/?product=ave-azul","title":{"rendered":"Ave azul"},"content":{"rendered":"<p><span data-sheets-root=\"1\" data-sheets-value=\"{&quot;1&quot;:2,&quot;2&quot;:&quot;Camafeo met\u00e1lico. La ilustraci\u00f3n es copia digital de una ilustraci\u00f3n hecha en acuarela. Se recomienda no mojar la pieza, limpiar con pa\u00f1o suve sin humedecer la pieza directamente para no rayar el cristal. No usar diluyentes ni fijadores sobre la pieza.&quot;}\" data-sheets-userformat=\"{&quot;2&quot;:13185,&quot;3&quot;:{&quot;1&quot;:0},&quot;10&quot;:2,&quot;11&quot;:0,&quot;12&quot;:0,&quot;15&quot;:&quot;Arial&quot;,&quot;16&quot;:10}\">Camafeo met\u00e1lico. La ilustraci\u00f3n es copia digital de una ilustraci\u00f3n hecha en acuarela. Se recomienda no mojar la pieza, limpiar con pa\u00f1o suve sin humedecer la pieza directamente para no rayar el cristal. No usar diluyentes ni fijadores sobre la pieza.<\/span><\/p>\n","protected":false},"excerpt":{"rendered":"<p><span data-sheets-root=\"1\" data-sheets-value=\"{&quot;1&quot;:2,&quot;2&quot;:&quot;Camafeo met\u00e1lico. La ilustraci\u00f3n es copia digital de una ilustraci\u00f3n hecha en acuarela. Se recomienda no mojar la pieza, limpiar con pa\u00f1o suve sin humedecer la pieza directamente para no rayar el cristal. No usar diluyentes ni fijadores sobre la pieza.&quot;}\" data-sheets-userformat=\"{&quot;2&quot;:13185,&quot;3&quot;:{&quot;1&quot;:0},&quot;10&quot;:2,&quot;11&quot;:0,&quot;12&quot;:0,&quot;15&quot;:&quot;Arial&quot;,&quot;16&quot;:10}\">Camafeo met\u00e1lico. La ilustraci\u00f3n es copia digital de una ilustraci\u00f3n hecha en acuarela.<\/span><\/p>\n","protected":false},"featured_media":16130,"comment_status":"open","ping_status":"closed","template":"","meta":[],"product_cat":[87],"product_tag":[],"_links":{"self":[{"href":"https:\/\/srbuho.com\/index.php?rest_route=\/wp\/v2\/product\/16203"}],"collection":[{"href":"https:\/\/srbuho.com\/index.php?rest_route=\/wp\/v2\/product"}],"about":[{"href":"https:\/\/srbuho.com\/index.php?rest_route=\/wp\/v2\/types\/product"}],"replies":[{"embeddable":true,"href":"https:\/\/srbuho.com\/index.php?rest_route=%2Fwp%2Fv2%2Fcomments&post=16203"}],"version-history":[{"count":1,"href":"https:\/\/srbuho.com\/index.php?rest_route=\/wp\/v2\/product\/16203\/revisions"}],"predecessor-version":[{"id":16204,"href":"https:\/\/srbuho.com\/index.php?rest_route=\/wp\/v2\/product\/16203\/revisions\/16204"}],"wp:featuredmedia":[{"embeddable":true,"href":"https:\/\/srbuho.com\/index.php?rest_route=\/wp\/v2\/media\/16130"}],"wp:attachment":[{"href":"https:\/\/srbuho.com\/index.php?rest_route=%2Fwp%2Fv2%2Fmedia&parent=16203"}],"wp:term":[{"taxonomy":"product_cat","embeddable":true,"href":"https:\/\/srbuho.com\/index.php?rest_route=%2Fwp%2Fv2%2Fproduct_cat&post=16203"},{"taxonomy":"product_tag","embeddable":true,"href":"https:\/\/srbuho.com\/index.php?rest_route=%2Fwp%2Fv2%2Fproduct_tag&post=16203"}],"curies":[{"name":"wp","href":"https:\/\/api.w.org\/{rel}","templated":true}]}}