{"id":16340,"date":"2024-02-22T02:40:54","date_gmt":"2024-02-22T02:40:54","guid":{"rendered":"https:\/\/srbuho.com\/?post_type=product&#038;p=16340"},"modified":"2025-11-08T02:20:40","modified_gmt":"2025-11-08T02:20:40","slug":"bitacora-doodle-10x10-cm","status":"publish","type":"product","link":"https:\/\/srbuho.com\/?product=bitacora-doodle-10x10-cm","title":{"rendered":"Bit\u00e1cora Doodle"},"content":{"rendered":"<p class=\"p1\"><span class=\"s1\">Bit\u00e1cora tapa dura. Portada tipo cuero (no animal). Costura Francesa manual. Cierre de caucho. Papel acuarela 240 gr.\u00a0 30 hojas. Dise\u00f1o impreso en las guardas. Puedes trabajar con colores acuarelables, grafito acuarelable, rapid\u00f3grafos, acuarelas, tintas, acr\u00edlicos, gouache, ecolines.<\/span><\/p>\n","protected":false},"excerpt":{"rendered":"<p>Bit\u00e1cora tapa dura. Portada tipo cuero (no animal). Costura Francesa manual. Cierre de caucho. Papel acuarela 240 gr.\u00a0 30 hojas.<\/p>\n","protected":false},"featured_media":16318,"comment_status":"open","ping_status":"closed","template":"","meta":[],"product_cat":[96],"product_tag":[],"_links":{"self":[{"href":"https:\/\/srbuho.com\/index.php?rest_route=\/wp\/v2\/product\/16340"}],"collection":[{"href":"https:\/\/srbuho.com\/index.php?rest_route=\/wp\/v2\/product"}],"about":[{"href":"https:\/\/srbuho.com\/index.php?rest_route=\/wp\/v2\/types\/product"}],"replies":[{"embeddable":true,"href":"https:\/\/srbuho.com\/index.php?rest_route=%2Fwp%2Fv2%2Fcomments&post=16340"}],"version-history":[{"count":3,"href":"https:\/\/srbuho.com\/index.php?rest_route=\/wp\/v2\/product\/16340\/revisions"}],"predecessor-version":[{"id":16343,"href":"https:\/\/srbuho.com\/index.php?rest_route=\/wp\/v2\/product\/16340\/revisions\/16343"}],"wp:featuredmedia":[{"embeddable":true,"href":"https:\/\/srbuho.com\/index.php?rest_route=\/wp\/v2\/media\/16318"}],"wp:attachment":[{"href":"https:\/\/srbuho.com\/index.php?rest_route=%2Fwp%2Fv2%2Fmedia&parent=16340"}],"wp:term":[{"taxonomy":"product_cat","embeddable":true,"href":"https:\/\/srbuho.com\/index.php?rest_route=%2Fwp%2Fv2%2Fproduct_cat&post=16340"},{"taxonomy":"product_tag","embeddable":true,"href":"https:\/\/srbuho.com\/index.php?rest_route=%2Fwp%2Fv2%2Fproduct_tag&post=16340"}],"curies":[{"name":"wp","href":"https:\/\/api.w.org\/{rel}","templated":true}]}}