{"id":16362,"date":"2024-02-28T17:19:58","date_gmt":"2024-02-28T17:19:58","guid":{"rendered":"https:\/\/srbuho.com\/?post_type=product&#038;p=16362"},"modified":"2024-03-11T14:31:47","modified_gmt":"2024-03-11T14:31:47","slug":"pinceles","status":"publish","type":"product","link":"https:\/\/srbuho.com\/?product=pinceles","title":{"rendered":"Pinceles"},"content":{"rendered":"<p>Pincel pl\u00e1stico con tanque de almacenamiento, disponible en 3 tama\u00f1os (S,M.L). Lo puedes recargar con pigmento directo (ecol\u00edn o acuarela l\u00edquida) o con agua (lo recomendable). Tama\u00f1o pr\u00e1ctico y c\u00f3modo, ideal para que lo lleves a todas partes, nunca se sabe d\u00f3nde necesitar\u00e1s dibujar esa gran idea.T\u00e9cnicas que soporta: acuarela, grafito acuarelable, l\u00e1pices de color acuarelables, acr\u00edlico, tintas, ecolines.<\/p>\n<p>CUIDA TU HERRAMIENTA: Una vez uses el pincel, recuerda lavar suavemente el pelo del pincel hasta retirar el pigmento por completo, esto ayudar\u00e1 a que tu pincel dure mucho m\u00e1s.\u00a0Es normal que con el tiempo el color del pelo del pincel se torne a un color oscuro (dependiendo de los tonos que uses), esto no significa que tu pincel te vaya a manchar tus obras, solo recuerda retirar bien el pigmento de tu pincel una vez termines de usarlo.<\/p>\n","protected":false},"excerpt":{"rendered":"<p>Pincel pl\u00e1stico con tanque de almacenamiento, disponible en 3 tama\u00f1os (S,M.L). Lo puedes recargar con pigmento directo (ecol\u00edn o acuarela<\/p>\n","protected":false},"featured_media":16355,"comment_status":"open","ping_status":"closed","template":"","meta":[],"product_cat":[106],"product_tag":[],"_links":{"self":[{"href":"https:\/\/srbuho.com\/index.php?rest_route=\/wp\/v2\/product\/16362"}],"collection":[{"href":"https:\/\/srbuho.com\/index.php?rest_route=\/wp\/v2\/product"}],"about":[{"href":"https:\/\/srbuho.com\/index.php?rest_route=\/wp\/v2\/types\/product"}],"replies":[{"embeddable":true,"href":"https:\/\/srbuho.com\/index.php?rest_route=%2Fwp%2Fv2%2Fcomments&post=16362"}],"version-history":[{"count":8,"href":"https:\/\/srbuho.com\/index.php?rest_route=\/wp\/v2\/product\/16362\/revisions"}],"predecessor-version":[{"id":16373,"href":"https:\/\/srbuho.com\/index.php?rest_route=\/wp\/v2\/product\/16362\/revisions\/16373"}],"wp:featuredmedia":[{"embeddable":true,"href":"https:\/\/srbuho.com\/index.php?rest_route=\/wp\/v2\/media\/16355"}],"wp:attachment":[{"href":"https:\/\/srbuho.com\/index.php?rest_route=%2Fwp%2Fv2%2Fmedia&parent=16362"}],"wp:term":[{"taxonomy":"product_cat","embeddable":true,"href":"https:\/\/srbuho.com\/index.php?rest_route=%2Fwp%2Fv2%2Fproduct_cat&post=16362"},{"taxonomy":"product_tag","embeddable":true,"href":"https:\/\/srbuho.com\/index.php?rest_route=%2Fwp%2Fv2%2Fproduct_tag&post=16362"}],"curies":[{"name":"wp","href":"https:\/\/api.w.org\/{rel}","templated":true}]}}