{"id":16429,"date":"2024-03-01T04:13:54","date_gmt":"2024-03-01T04:13:54","guid":{"rendered":"https:\/\/srbuho.com\/?post_type=product&#038;p=16429"},"modified":"2025-12-02T17:54:26","modified_gmt":"2025-12-02T17:54:26","slug":"otono-ecologica","status":"publish","type":"product","link":"https:\/\/srbuho.com\/?product=otono-ecologica","title":{"rendered":"Oto\u00f1o ecol\u00f3gica"},"content":{"rendered":"<p>Libreta tapa blanda 15,5\u00d721 cm. (40 hojas) Papel ecol\u00f3gico de 75g sin ret\u00edcula. Costura expuesta con hilo encerado. Ideal para tomar tus notas en cualquier lugar sin llevar tanto peso en tu bolso o maleta.<\/p>\n","protected":false},"excerpt":{"rendered":"<p>Libreta tapa blanda 15,5\u00d721 cm. (40 hojas) Papel ecol\u00f3gico de 75g sin ret\u00edcula. Costura expuesta con hilo encerado. Ideal para<\/p>\n","protected":false},"featured_media":16425,"comment_status":"open","ping_status":"closed","template":"","meta":[],"product_cat":[71],"product_tag":[],"_links":{"self":[{"href":"https:\/\/srbuho.com\/index.php?rest_route=\/wp\/v2\/product\/16429"}],"collection":[{"href":"https:\/\/srbuho.com\/index.php?rest_route=\/wp\/v2\/product"}],"about":[{"href":"https:\/\/srbuho.com\/index.php?rest_route=\/wp\/v2\/types\/product"}],"replies":[{"embeddable":true,"href":"https:\/\/srbuho.com\/index.php?rest_route=%2Fwp%2Fv2%2Fcomments&post=16429"}],"version-history":[{"count":1,"href":"https:\/\/srbuho.com\/index.php?rest_route=\/wp\/v2\/product\/16429\/revisions"}],"predecessor-version":[{"id":16430,"href":"https:\/\/srbuho.com\/index.php?rest_route=\/wp\/v2\/product\/16429\/revisions\/16430"}],"wp:featuredmedia":[{"embeddable":true,"href":"https:\/\/srbuho.com\/index.php?rest_route=\/wp\/v2\/media\/16425"}],"wp:attachment":[{"href":"https:\/\/srbuho.com\/index.php?rest_route=%2Fwp%2Fv2%2Fmedia&parent=16429"}],"wp:term":[{"taxonomy":"product_cat","embeddable":true,"href":"https:\/\/srbuho.com\/index.php?rest_route=%2Fwp%2Fv2%2Fproduct_cat&post=16429"},{"taxonomy":"product_tag","embeddable":true,"href":"https:\/\/srbuho.com\/index.php?rest_route=%2Fwp%2Fv2%2Fproduct_tag&post=16429"}],"curies":[{"name":"wp","href":"https:\/\/api.w.org\/{rel}","templated":true}]}}