{"id":16443,"date":"2024-03-12T21:09:18","date_gmt":"2024-03-12T21:09:18","guid":{"rendered":"https:\/\/srbuho.com\/?post_type=product&#038;p=16443"},"modified":"2024-03-19T19:18:50","modified_gmt":"2024-03-19T19:18:50","slug":"print-tucan-azul","status":"publish","type":"product","link":"https:\/\/srbuho.com\/?product=print-tucan-azul","title":{"rendered":"Print Tuc\u00e1n Azul"},"content":{"rendered":"<p>El tuc\u00e1n azul, tambi\u00e9n conocido como tuc\u00e1n pico iris, es una especie de ave que habita en las selvas h\u00famedas de Am\u00e9rica Central y Sudam\u00e9rica. Su caracter\u00edstica m\u00e1s distintiva es su pico largo y de colores brillantes. Son omn\u00edvoros y se alimentan principalmente de frutas, insectos y peque\u00f1os vertebrados. Estas aves son importantes para la dispersi\u00f3n de semillas en su h\u00e1bitat. Aunque no se consideran en peligro de extinci\u00f3n, la destrucci\u00f3n de su h\u00e1bitat y el tr\u00e1fico ilegal de aves ex\u00f3ticas son algunas de las amenazas que enfrentan.<\/p>\n<p>La ilustraci\u00f3n original fue realizada con bol\u00edgrafo de color negro sobre papel, luego de un proceso de digitalizaci\u00f3n, se aplic\u00f3 color digital.<\/p>\n<p>Print digital en papel importado libre de \u00e1cido, sellado con una capa de barniz mate para protegerlo de los rayos UV. Medida disponible 21,5&#215;28 cm (no incluye marco). Se env\u00eda sin marco cubierto con cart\u00f3n r\u00edgido.<\/p>\n<p>&nbsp;<\/p>\n","protected":false},"excerpt":{"rendered":"<p>El tuc\u00e1n azul, tambi\u00e9n conocido como tuc\u00e1n pico iris, es una especie de ave que habita en las selvas h\u00famedas<\/p>\n","protected":false},"featured_media":16440,"comment_status":"open","ping_status":"closed","template":"","meta":[],"product_cat":[90],"product_tag":[],"_links":{"self":[{"href":"https:\/\/srbuho.com\/index.php?rest_route=\/wp\/v2\/product\/16443"}],"collection":[{"href":"https:\/\/srbuho.com\/index.php?rest_route=\/wp\/v2\/product"}],"about":[{"href":"https:\/\/srbuho.com\/index.php?rest_route=\/wp\/v2\/types\/product"}],"replies":[{"embeddable":true,"href":"https:\/\/srbuho.com\/index.php?rest_route=%2Fwp%2Fv2%2Fcomments&post=16443"}],"version-history":[{"count":6,"href":"https:\/\/srbuho.com\/index.php?rest_route=\/wp\/v2\/product\/16443\/revisions"}],"predecessor-version":[{"id":16450,"href":"https:\/\/srbuho.com\/index.php?rest_route=\/wp\/v2\/product\/16443\/revisions\/16450"}],"wp:featuredmedia":[{"embeddable":true,"href":"https:\/\/srbuho.com\/index.php?rest_route=\/wp\/v2\/media\/16440"}],"wp:attachment":[{"href":"https:\/\/srbuho.com\/index.php?rest_route=%2Fwp%2Fv2%2Fmedia&parent=16443"}],"wp:term":[{"taxonomy":"product_cat","embeddable":true,"href":"https:\/\/srbuho.com\/index.php?rest_route=%2Fwp%2Fv2%2Fproduct_cat&post=16443"},{"taxonomy":"product_tag","embeddable":true,"href":"https:\/\/srbuho.com\/index.php?rest_route=%2Fwp%2Fv2%2Fproduct_tag&post=16443"}],"curies":[{"name":"wp","href":"https:\/\/api.w.org\/{rel}","templated":true}]}}