{"id":16451,"date":"2024-03-12T21:47:45","date_gmt":"2024-03-12T21:47:45","guid":{"rendered":"https:\/\/srbuho.com\/?post_type=product&#038;p=16451"},"modified":"2024-03-19T19:18:20","modified_gmt":"2024-03-19T19:18:20","slug":"print-gorrion","status":"publish","type":"product","link":"https:\/\/srbuho.com\/?product=print-gorrion","title":{"rendered":"Print Gorri\u00f3n"},"content":{"rendered":"<p>El gorri\u00f3n es un peque\u00f1o p\u00e1jaro de la familia Passeridae, ampliamente distribuido por todo el mundo, excepto en la Ant\u00e1rtida. Se adapta bien a una variedad de h\u00e1bitats, desde \u00e1reas urbanas hasta zonas rurales y bosques. Son conocidos por su dieta gran\u00edvora, aunque tambi\u00e9n consumen insectos y otros peque\u00f1os invertebrados. La hembra suele incubar los huevos mientras el macho ayuda a alimentar a los polluelos.<\/p>\n<p>La ilustraci\u00f3n original fue realizada con bol\u00edgrafo de color negro sobre papel, luego de un proceso de digitalizaci\u00f3n, se aplic\u00f3 color digital.<\/p>\n<p>Print digital en papel importado libre de \u00e1cido, sellado con una capa de barniz mate para protegerlo de los rayos UV. Medida disponible 21,5\u00d728 cm (no incluye marco). Se env\u00eda cubierto con cart\u00f3n r\u00edgido<\/p>\n","protected":false},"excerpt":{"rendered":"<p>El gorri\u00f3n es un peque\u00f1o p\u00e1jaro de la familia Passeridae, ampliamente distribuido por todo el mundo, excepto en la Ant\u00e1rtida.<\/p>\n","protected":false},"featured_media":16439,"comment_status":"open","ping_status":"closed","template":"","meta":[],"product_cat":[90],"product_tag":[],"_links":{"self":[{"href":"https:\/\/srbuho.com\/index.php?rest_route=\/wp\/v2\/product\/16451"}],"collection":[{"href":"https:\/\/srbuho.com\/index.php?rest_route=\/wp\/v2\/product"}],"about":[{"href":"https:\/\/srbuho.com\/index.php?rest_route=\/wp\/v2\/types\/product"}],"replies":[{"embeddable":true,"href":"https:\/\/srbuho.com\/index.php?rest_route=%2Fwp%2Fv2%2Fcomments&post=16451"}],"version-history":[{"count":1,"href":"https:\/\/srbuho.com\/index.php?rest_route=\/wp\/v2\/product\/16451\/revisions"}],"predecessor-version":[{"id":16452,"href":"https:\/\/srbuho.com\/index.php?rest_route=\/wp\/v2\/product\/16451\/revisions\/16452"}],"wp:featuredmedia":[{"embeddable":true,"href":"https:\/\/srbuho.com\/index.php?rest_route=\/wp\/v2\/media\/16439"}],"wp:attachment":[{"href":"https:\/\/srbuho.com\/index.php?rest_route=%2Fwp%2Fv2%2Fmedia&parent=16451"}],"wp:term":[{"taxonomy":"product_cat","embeddable":true,"href":"https:\/\/srbuho.com\/index.php?rest_route=%2Fwp%2Fv2%2Fproduct_cat&post=16451"},{"taxonomy":"product_tag","embeddable":true,"href":"https:\/\/srbuho.com\/index.php?rest_route=%2Fwp%2Fv2%2Fproduct_tag&post=16451"}],"curies":[{"name":"wp","href":"https:\/\/api.w.org\/{rel}","templated":true}]}}