{"id":16490,"date":"2024-05-09T21:38:17","date_gmt":"2024-05-09T21:38:17","guid":{"rendered":"https:\/\/srbuho.com\/?post_type=product&#038;p=16490"},"modified":"2026-04-17T14:30:32","modified_gmt":"2026-04-17T14:30:32","slug":"tucan-azul-bolsillo","status":"publish","type":"product","link":"https:\/\/srbuho.com\/?product=tucan-azul-bolsillo","title":{"rendered":"Tuc\u00e1n Azul bolsillo"},"content":{"rendered":"<p>Libreta de 80 hojas cosida a mano por cuadernillos en costura francesa para facilitar su apertura total. Bond 115g de color blanco liso. Tapa dura protegida con plastificado mate y cierre de caucho. Hecha totalmente a mano.<\/p>\n<p>Recomendable para escritura o t\u00e9cnicas secas (l\u00e1pices grafito, bol\u00edgrafos, rapid\u00f3grafos, l\u00e1pices de color).<\/p>\n<p>La ilustraci\u00f3n original fue realizada con bol\u00edgrafo y el color fue aplicado de manera digital.<\/p>\n","protected":false},"excerpt":{"rendered":"<p>Libreta de 80 hojas cosida a mano por cuadernillos en costura francesa para facilitar su apertura total. Bond 115g de color blanco liso. Tapa dura protegida con plastificado mate y cierre de caucho. Hecha totalmente a mano.<\/p>\n","protected":false},"featured_media":16489,"comment_status":"open","ping_status":"closed","template":"","meta":[],"product_cat":[72],"product_tag":[108,109,103,111,107,112,110],"_links":{"self":[{"href":"https:\/\/srbuho.com\/index.php?rest_route=\/wp\/v2\/product\/16490"}],"collection":[{"href":"https:\/\/srbuho.com\/index.php?rest_route=\/wp\/v2\/product"}],"about":[{"href":"https:\/\/srbuho.com\/index.php?rest_route=\/wp\/v2\/types\/product"}],"replies":[{"embeddable":true,"href":"https:\/\/srbuho.com\/index.php?rest_route=%2Fwp%2Fv2%2Fcomments&post=16490"}],"version-history":[{"count":2,"href":"https:\/\/srbuho.com\/index.php?rest_route=\/wp\/v2\/product\/16490\/revisions"}],"predecessor-version":[{"id":16494,"href":"https:\/\/srbuho.com\/index.php?rest_route=\/wp\/v2\/product\/16490\/revisions\/16494"}],"wp:featuredmedia":[{"embeddable":true,"href":"https:\/\/srbuho.com\/index.php?rest_route=\/wp\/v2\/media\/16489"}],"wp:attachment":[{"href":"https:\/\/srbuho.com\/index.php?rest_route=%2Fwp%2Fv2%2Fmedia&parent=16490"}],"wp:term":[{"taxonomy":"product_cat","embeddable":true,"href":"https:\/\/srbuho.com\/index.php?rest_route=%2Fwp%2Fv2%2Fproduct_cat&post=16490"},{"taxonomy":"product_tag","embeddable":true,"href":"https:\/\/srbuho.com\/index.php?rest_route=%2Fwp%2Fv2%2Fproduct_tag&post=16490"}],"curies":[{"name":"wp","href":"https:\/\/api.w.org\/{rel}","templated":true}]}}