{"id":16517,"date":"2024-05-10T16:01:44","date_gmt":"2024-05-10T16:01:44","guid":{"rendered":"https:\/\/srbuho.com\/?post_type=product&#038;p=16517"},"modified":"2024-12-20T19:22:36","modified_gmt":"2024-12-20T19:22:36","slug":"grulla-mix-18x16-cm","status":"publish","type":"product","link":"https:\/\/srbuho.com\/?product=grulla-mix-18x16-cm","title":{"rendered":"Grulla Mix (18&#215;16 cm)"},"content":{"rendered":"<p>Bit\u00e1cora de 18&#215;16 cm, tapa dura tipo cuero (no animal), dise\u00f1o en guardas. Mix de papeles ((Bond 115 g.40 hojas), (Durex 220g. 10 hojas), (Acuarela 240g. 10 hojas), (cartulina negra 220g. 10 hojas). Cinta separadora de color. Cosida manualmente por cuadernillos en costura francesa.<\/p>\n<p>Con esta bit\u00e1cora tienes la facilidad de probar varias t\u00e9cnicas (secas y h\u00famedas) en una sola bit\u00e1cora. Adem\u00e1s su tama\u00f1o la hace super port\u00e1til y liviana. Divi\u00e9rtete experimentando con grafitos, colores , bol\u00edgrafos, marcadores, acuarelas ,gouache e incluso acr\u00edlicos y rapid\u00f3grafos. Solo te recomiendo controlar la humedad para preservar los otros papeles.<\/p>\n<p>El dise\u00f1o en las guardas fue realizado originalmente con l\u00ednea de rapid\u00f3grafos y color digital.<\/p>\n<p>An\u00edmate a probar muchas t\u00e9cnicas en una sola bit\u00e1cora<\/p>\n","protected":false},"excerpt":{"rendered":"<p>Bit\u00e1cora de 18&#215;16 cm, tapa dura tipo cuero (no animal), dise\u00f1o en guardas. Mix de papeles ((Bond 115 g.40 hojas), (Durex 220g. 10 hojas), (Acuarela 240g. 10 hojas), (cartulina negra 220g. 10 hojas). Cinta separadora de color. Cosida manualmente por cuadernillos en costura francesa.<\/p>\n","protected":false},"featured_media":16512,"comment_status":"open","ping_status":"closed","template":"","meta":[],"product_cat":[98],"product_tag":[],"_links":{"self":[{"href":"https:\/\/srbuho.com\/index.php?rest_route=\/wp\/v2\/product\/16517"}],"collection":[{"href":"https:\/\/srbuho.com\/index.php?rest_route=\/wp\/v2\/product"}],"about":[{"href":"https:\/\/srbuho.com\/index.php?rest_route=\/wp\/v2\/types\/product"}],"replies":[{"embeddable":true,"href":"https:\/\/srbuho.com\/index.php?rest_route=%2Fwp%2Fv2%2Fcomments&post=16517"}],"version-history":[{"count":3,"href":"https:\/\/srbuho.com\/index.php?rest_route=\/wp\/v2\/product\/16517\/revisions"}],"predecessor-version":[{"id":16523,"href":"https:\/\/srbuho.com\/index.php?rest_route=\/wp\/v2\/product\/16517\/revisions\/16523"}],"wp:featuredmedia":[{"embeddable":true,"href":"https:\/\/srbuho.com\/index.php?rest_route=\/wp\/v2\/media\/16512"}],"wp:attachment":[{"href":"https:\/\/srbuho.com\/index.php?rest_route=%2Fwp%2Fv2%2Fmedia&parent=16517"}],"wp:term":[{"taxonomy":"product_cat","embeddable":true,"href":"https:\/\/srbuho.com\/index.php?rest_route=%2Fwp%2Fv2%2Fproduct_cat&post=16517"},{"taxonomy":"product_tag","embeddable":true,"href":"https:\/\/srbuho.com\/index.php?rest_route=%2Fwp%2Fv2%2Fproduct_tag&post=16517"}],"curies":[{"name":"wp","href":"https:\/\/api.w.org\/{rel}","templated":true}]}}