{"id":16585,"date":"2025-12-26T22:48:04","date_gmt":"2025-12-26T22:48:04","guid":{"rendered":"https:\/\/srbuho.com\/?post_type=product&#038;p=16585"},"modified":"2026-04-03T17:22:44","modified_gmt":"2026-04-03T17:22:44","slug":"panoleta-liebre-de-lirio","status":"publish","type":"product","link":"https:\/\/srbuho.com\/?product=panoleta-liebre-de-lirio","title":{"rendered":"Pa\u00f1oleta Liebre de Lirio"},"content":{"rendered":"<p>Pa\u00f1oleta\u00a0 Liebre de Lirio. En la caja encontrar\u00e1s: Pa\u00f1oleta acabado mate, 65\u00d765 cm, stickers del personaje, tarjeta con recomendaciones de uso, micro historia del personaje que habita la ilustraci\u00f3n.<\/p>\n","protected":false},"excerpt":{"rendered":"<p>Pa\u00f1oleta\u00a0 Liebre de Lirio. En la caja encontrar\u00e1s: Pa\u00f1oleta acabado mate, 65\u00d765 cm, stickers del personaje, tarjeta con recomendaciones de<\/p>\n","protected":false},"featured_media":16586,"comment_status":"open","ping_status":"closed","template":"","meta":[],"product_cat":[87],"product_tag":[119,120,115,117,103,116,118,114],"_links":{"self":[{"href":"https:\/\/srbuho.com\/index.php?rest_route=\/wp\/v2\/product\/16585"}],"collection":[{"href":"https:\/\/srbuho.com\/index.php?rest_route=\/wp\/v2\/product"}],"about":[{"href":"https:\/\/srbuho.com\/index.php?rest_route=\/wp\/v2\/types\/product"}],"replies":[{"embeddable":true,"href":"https:\/\/srbuho.com\/index.php?rest_route=%2Fwp%2Fv2%2Fcomments&post=16585"}],"version-history":[{"count":1,"href":"https:\/\/srbuho.com\/index.php?rest_route=\/wp\/v2\/product\/16585\/revisions"}],"predecessor-version":[{"id":16593,"href":"https:\/\/srbuho.com\/index.php?rest_route=\/wp\/v2\/product\/16585\/revisions\/16593"}],"wp:featuredmedia":[{"embeddable":true,"href":"https:\/\/srbuho.com\/index.php?rest_route=\/wp\/v2\/media\/16586"}],"wp:attachment":[{"href":"https:\/\/srbuho.com\/index.php?rest_route=%2Fwp%2Fv2%2Fmedia&parent=16585"}],"wp:term":[{"taxonomy":"product_cat","embeddable":true,"href":"https:\/\/srbuho.com\/index.php?rest_route=%2Fwp%2Fv2%2Fproduct_cat&post=16585"},{"taxonomy":"product_tag","embeddable":true,"href":"https:\/\/srbuho.com\/index.php?rest_route=%2Fwp%2Fv2%2Fproduct_tag&post=16585"}],"curies":[{"name":"wp","href":"https:\/\/api.w.org\/{rel}","templated":true}]}}