{"id":16594,"date":"2026-01-05T22:20:59","date_gmt":"2026-01-05T22:20:59","guid":{"rendered":"https:\/\/srbuho.com\/?post_type=product&#038;p=16594"},"modified":"2026-04-14T19:20:53","modified_gmt":"2026-04-14T19:20:53","slug":"liebre-de-lirio","status":"publish","type":"product","link":"https:\/\/srbuho.com\/?product=liebre-de-lirio","title":{"rendered":"Liebre de Lirio"},"content":{"rendered":"<p><span data-sheets-root=\"1\" data-sheets-value=\"{&quot;1&quot;:2,&quot;2&quot;:&quot;Libreta tapa dura. Plastificado mate. Costura Francesa manual. Cierre de caucho. Cinta separadora. Papel Bond 75 gr. 100 hojas. Impresi\u00f3n Digital. Puedes trabajar con l\u00e1pices de color, grafito, esf\u00e9ros o rapid\u00f3grafos.&quot;}\" data-sheets-userformat=\"{&quot;2&quot;:13185,&quot;3&quot;:{&quot;1&quot;:0},&quot;10&quot;:2,&quot;11&quot;:0,&quot;12&quot;:0,&quot;15&quot;:&quot;Arial&quot;,&quot;16&quot;:10}\">Libreta tapa dura. Plastificado mate. Lomo en tela. Equinas con acabado met\u00e1lico. Costura Francesa manual. Cinta separadora. Papel color crema 90gr.\/100 hojas. Impresi\u00f3n Digital. Puedes trabajar con l\u00e1pices de color, grafito, esf\u00e9ros o rapid\u00f3grafos o \u00fasala tambi\u00e9n para escritura.<\/span><\/p>\n","protected":false},"excerpt":{"rendered":"<p><span data-sheets-root=\"1\" data-sheets-value=\"{&quot;1&quot;:2,&quot;2&quot;:&quot;Libreta tapa dura. Plastificado mate. Costura Francesa manual. Cierre de caucho. Cinta separadora. Papel Bond 75 gr. 100 hojas. Impresi\u00f3n Digital. Puedes trabajar con l\u00e1pices de color, grafito, esf\u00e9ros o rapid\u00f3grafos.&quot;}\" data-sheets-userformat=\"{&quot;2&quot;:13185,&quot;3&quot;:{&quot;1&quot;:0},&quot;10&quot;:2,&quot;11&quot;:0,&quot;12&quot;:0,&quot;15&quot;:&quot;Arial&quot;,&quot;16&quot;:10}\">Libreta tapa dura. Plastificado mate. Lomo en tela. Equinas con acabado met\u00e1lico. Costura Francesa manual. Cinta separadora. Papel color crema 90gr.\/100 hojas. Impresi\u00f3n Digital. Puedes trabajar con l\u00e1pices de color, grafito, esf\u00e9ros o rapid\u00f3grafos o \u00fasala tambi\u00e9n para escritura.<\/span><\/p>\n","protected":false},"featured_media":16596,"comment_status":"open","ping_status":"closed","template":"","meta":[],"product_cat":[72],"product_tag":[],"_links":{"self":[{"href":"https:\/\/srbuho.com\/index.php?rest_route=\/wp\/v2\/product\/16594"}],"collection":[{"href":"https:\/\/srbuho.com\/index.php?rest_route=\/wp\/v2\/product"}],"about":[{"href":"https:\/\/srbuho.com\/index.php?rest_route=\/wp\/v2\/types\/product"}],"replies":[{"embeddable":true,"href":"https:\/\/srbuho.com\/index.php?rest_route=%2Fwp%2Fv2%2Fcomments&post=16594"}],"version-history":[{"count":3,"href":"https:\/\/srbuho.com\/index.php?rest_route=\/wp\/v2\/product\/16594\/revisions"}],"predecessor-version":[{"id":16610,"href":"https:\/\/srbuho.com\/index.php?rest_route=\/wp\/v2\/product\/16594\/revisions\/16610"}],"wp:featuredmedia":[{"embeddable":true,"href":"https:\/\/srbuho.com\/index.php?rest_route=\/wp\/v2\/media\/16596"}],"wp:attachment":[{"href":"https:\/\/srbuho.com\/index.php?rest_route=%2Fwp%2Fv2%2Fmedia&parent=16594"}],"wp:term":[{"taxonomy":"product_cat","embeddable":true,"href":"https:\/\/srbuho.com\/index.php?rest_route=%2Fwp%2Fv2%2Fproduct_cat&post=16594"},{"taxonomy":"product_tag","embeddable":true,"href":"https:\/\/srbuho.com\/index.php?rest_route=%2Fwp%2Fv2%2Fproduct_tag&post=16594"}],"curies":[{"name":"wp","href":"https:\/\/api.w.org\/{rel}","templated":true}]}}